{"id":5486,"date":"2021-10-16T10:29:49","date_gmt":"2021-10-16T08:29:49","guid":{"rendered":"https:\/\/snordic.at\/kontaktieren-sie-uns\/"},"modified":"2021-10-28T20:07:32","modified_gmt":"2021-10-28T18:07:32","slug":"kontaktieren-sie-uns","status":"publish","type":"page","link":"https:\/\/snordic.at\/de\/kontaktieren-sie-uns\/","title":{"rendered":"Kontaktieren Sie uns"},"content":{"rendered":"<p>[vc_row][vc_column]<div class=\"edgtf-google-map-holder\">\n\t<div class=\"edgtf-google-map\" id=\"edgtf-map-1207088\" data-addresses='[\"Go\u010dova 10, 2235 Sv. Trojica v Slov. goricah, Slovenia\",\"Marktstra\u00dfe 19 - 2331 V\u00f6sendorf bei Wien, Austria\",\"IGP S\u00fcd 25 V\u00f6lkermark - 9100 V\u00f6lkermarkt, Austria\",\"Franz-Zola-Stra\u00dfe 7 - 4600 Wels, Austria\",\"Franz-Br\u00f6tzner-Stra\u00dfe 11-17 - Wals\/Salzburg, Austria\"]' data-custom-map-style=no data-color-overlay=#393939 data-saturation=-100 data-lightness=-60 data-zoom=7 data-pin=https:\/\/snordic.at\/wp-content\/uploads\/2017\/11\/inner-img-5.png data-unique-id=1207088 data-scroll-wheel=no data-height=500 data-predefined-style=yes><\/div>\n\t\t\t<div class=\"edgtf-google-map-overlay\"><\/div>\n\t<\/div>\n[\/vc_column][\/vc_row][vc_row row_content_width=&#8220;grid&#8220; css=&#8220;.vc_custom_1511425357778{padding-top: 73px !important;padding-bottom: 75px !important;}&#8220;][vc_column width=&#8220;2\/5&#8243;][vc_column_text]<\/p>\n<h4 class=\"edgtf-widget-title\">SHOWROOMS<\/h4>\n<p>Graz: <a href=\"tel:+43316816153\"><strong>+43 316 81 61 53<\/strong><\/a><br \/>\nV\u00f6sendorf: <a href=\"tel:+0800070004\"><strong>0800 0700 04<\/strong><\/a><br \/>\nV\u00f6lkermarkt: <a href=\"tel:+436602166640\"><strong>+43 660 216 66 40<\/strong><\/a><br \/>\nWels: <a href=\"tel:+43724352074\"><strong>+43 7243 520 74<\/strong><\/a><br \/>\nSalzburg: <a href=\"tel:+436642447187\"><strong>+43 664 244 71 87<\/strong><\/a><br \/>\nInnsbruck: <a href=\"tel:+436605898908\"><strong>+43 660 589 89 08<\/strong><\/a><br \/>\nHard\/Bregenz: <a href=\"tel:+436763083821\"><strong>+43 676 30 83821<\/strong><\/a>[\/vc_column_text][\/vc_column][vc_column width=&#8220;3\/5&#8243; el_id=&#8220;contact-form-div&#8220;][vc_column_text]<\/p>\n<h4>Kontakt-Formular<\/h4>\n<p>[\/vc_column_text]<div role=\"form\" class=\"wpcf7\" id=\"wpcf7-f3660-o1\" lang=\"en-US\" dir=\"ltr\">\n<div class=\"screen-reader-response\"><p role=\"status\" aria-live=\"polite\" aria-atomic=\"true\"><\/p> <ul><\/ul><\/div>\n<form action=\"\/de\/wp-json\/wp\/v2\/pages\/5486#wpcf7-f3660-o1\" method=\"post\" class=\"wpcf7-form init\" novalidate=\"novalidate\" data-status=\"init\">\n<div style=\"display: none;\">\n<input type=\"hidden\" name=\"_wpcf7\" value=\"3660\" \/>\n<input type=\"hidden\" name=\"_wpcf7_version\" value=\"5.6.4\" \/>\n<input type=\"hidden\" name=\"_wpcf7_locale\" value=\"en_US\" \/>\n<input type=\"hidden\" name=\"_wpcf7_unit_tag\" value=\"wpcf7-f3660-o1\" \/>\n<input type=\"hidden\" name=\"_wpcf7_container_post\" value=\"0\" \/>\n<input type=\"hidden\" name=\"_wpcf7_posted_data_hash\" value=\"\" \/>\n<\/div>\n<p><label class=\"contact-half\"> Name & Last name: (required)<br \/>\n    <span class=\"wpcf7-form-control-wrap\" data-name=\"your-name\"><input type=\"text\" name=\"your-name\" value=\"\" size=\"40\" class=\"wpcf7-form-control wpcf7-text wpcf7-validates-as-required\" aria-required=\"true\" aria-invalid=\"false\" \/><\/span> <\/label><\/p>\n<p><label class=\"contact-half\"> Email: (required)<br \/>\n    <span class=\"wpcf7-form-control-wrap\" data-name=\"your-email\"><input type=\"email\" name=\"your-email\" value=\"\" size=\"40\" class=\"wpcf7-form-control wpcf7-text wpcf7-email wpcf7-validates-as-required wpcf7-validates-as-email\" aria-required=\"true\" aria-invalid=\"false\" \/><\/span> <\/label><\/p>\n<p><label class=\"contact-full\"> Message:<br \/>\n    <span class=\"wpcf7-form-control-wrap\" data-name=\"your-message\"><textarea name=\"your-message\" cols=\"40\" rows=\"10\" class=\"wpcf7-form-control wpcf7-textarea wpcf7-validates-as-required\" aria-required=\"true\" aria-invalid=\"false\"><\/textarea><\/span> <\/label><\/p>\n<p><input type=\"submit\" value=\"Send\" class=\"wpcf7-form-control has-spinner wpcf7-submit\" \/><\/p>\n<p style=\"display: none !important;\"><label>&#916;<textarea name=\"_wpcf7_ak_hp_textarea\" cols=\"45\" rows=\"8\" maxlength=\"100\"><\/textarea><\/label><input type=\"hidden\" id=\"ak_js_1\" name=\"_wpcf7_ak_js\" value=\"69\"\/><script>document.getElementById( \"ak_js_1\" ).setAttribute( \"value\", ( new Date() ).getTime() );<\/script><\/p><div class=\"wpcf7-response-output\" aria-hidden=\"true\"><\/div><\/form><\/div>[\/vc_column][\/vc_row][vc_row el_class=&#8220;edgtf-row-grid-section contact-middle&#8220;][vc_column][vc_column_text]<\/p>\n<p data-pm-slice=\"1 1 []\">Zweck der Ausschreibung<\/p>\n<p>Ziel der Ausschreibung ist die Unterst\u00fctzung von KMU durch die Kofinanzierung der f\u00f6rderf\u00e4higen Kosten f\u00fcr die Einrichtung oder Modernisierung des elektronischen Handels, der problemlos in globale Wertsch\u00f6pfungsketten und neue M\u00e4rkte eintreten kann, die internationale Wettbewerbsf\u00e4higkeit ihres Unternehmens erh\u00f6ht, die Interaktion mit Unternehmen verbessert und beschleunigt Partner im Ausland, sie versenden und sammeln Informationen effizienter und verbessern die Beziehungen in der gesamten Lieferkette.<\/p>\n<p>Das Ziel der Ausschreibung<\/p>\n<p>Ziel der \u00f6ffentlichen Ausschreibung aus Sicht des Operationellen Programms zur Umsetzung der Europ\u00e4ischen Koh\u00e4sionspolitik ist es, die M\u00f6glichkeiten von KMU zu verbessern, in ausl\u00e4ndische M\u00e4rkte einzusteigen bzw. Handel.<\/p>\n<p>Das Ziel der Operation<\/p>\n<p>Mit Hilfe von Investitionen in Website, Online-Shop, Produkt-Verkaufsvideo, digitalen Messeauftritt im Ausland und Mitarbeiterschulungen wollen wir die internationale Sichtbarkeit, Wettbewerbsf\u00e4higkeit und Exportquote unseres Unternehmens steigern.[\/vc_column_text][\/vc_column][\/vc_row]<\/p>\n","protected":false},"excerpt":{"rendered":"<p>[vc_row][vc_column][\/vc_column][\/vc_row][vc_row row_content_width=&#8220;grid&#8220; css=&#8220;.vc_custom_1511425357778{padding-top: 73px !important;padding-bottom: 75px !important;}&#8220;][vc_column width=&#8220;2\/5&#8243;][vc_column_text] SHOWROOMS Graz: +43 316 81 61 53 V\u00f6sendorf: 0800 0700 04 V\u00f6lkermarkt: +43 660 216 66 40 Wels: +43 7243 520 74 Salzburg: +43 664 244 71 87 Innsbruck: +43 660 589 [&hellip;]<\/p>\n","protected":false},"author":1,"featured_media":0,"parent":0,"menu_order":0,"comment_status":"closed","ping_status":"closed","template":"full-width.php","meta":{"inline_featured_image":false,"footnotes":""},"_links":{"self":[{"href":"https:\/\/snordic.at\/de\/wp-json\/wp\/v2\/pages\/5486"}],"collection":[{"href":"https:\/\/snordic.at\/de\/wp-json\/wp\/v2\/pages"}],"about":[{"href":"https:\/\/snordic.at\/de\/wp-json\/wp\/v2\/types\/page"}],"author":[{"embeddable":true,"href":"https:\/\/snordic.at\/de\/wp-json\/wp\/v2\/users\/1"}],"replies":[{"embeddable":true,"href":"https:\/\/snordic.at\/de\/wp-json\/wp\/v2\/comments?post=5486"}],"version-history":[{"count":9,"href":"https:\/\/snordic.at\/de\/wp-json\/wp\/v2\/pages\/5486\/revisions"}],"predecessor-version":[{"id":5801,"href":"https:\/\/snordic.at\/de\/wp-json\/wp\/v2\/pages\/5486\/revisions\/5801"}],"wp:attachment":[{"href":"https:\/\/snordic.at\/de\/wp-json\/wp\/v2\/media?parent=5486"}],"curies":[{"name":"wp","href":"https:\/\/api.w.org\/{rel}","templated":true}]}}