{"id":5489,"date":"2021-10-16T10:29:50","date_gmt":"2021-10-16T08:29:50","guid":{"rendered":"https:\/\/snordic.at\/garten-sauna\/"},"modified":"2021-10-28T12:57:35","modified_gmt":"2021-10-28T10:57:35","slug":"ischgl","status":"publish","type":"page","link":"https:\/\/snordic.at\/de\/ischgl\/","title":{"rendered":"Garten-Sauna"},"content":{"rendered":"<p>[vc_row full_width=&#8220;stretch_row_content_no_spaces&#8220; equal_height=&#8220;yes&#8220; el_class=&#8220;single-sauna-first&#8220;][vc_column width=&#8220;1\/2&#8243; css=&#8220;.vc_custom_1626979529179{padding-top: 10% !important;padding-right: 10% !important;padding-bottom: 10% !important;padding-left: 10% !important;}&#8220;][vc_column_text]<\/p>\n<h3>ZEITLOS, ELEGANT UND GERADLINIG &#8211; DER BAUTREND ZUR VOLLFL\u00c4CHIGEN VERGLASUNG<\/h3>\n<p>[\/vc_column_text][vc_empty_space height=&#8220;60px&#8220;][vc_column_text]Isolierverglasung &#8211; die 2 x 6 mm W\u00e4rmeschutzscheiben garantieren nicht nur eine perfekte Energieeffizienz beim Saunieren, sondern die emaillierten Vollglasfronten sorgen auch f\u00fcr unvergessliche Saunag\u00e4nge mit Panoramablick und Blick in die Natur. Integrierte Jalousien oder entsprechende Glast\u00f6nungen bieten perfekten Schutz vor unerw\u00fcnschten Einblicken. Eleganz und formsch\u00f6nes Glasdesign &#8211; f\u00fcr trendige Akzente in Ihrem Garten.[\/vc_column_text][vc_empty_space height=&#8220;60px&#8220;]<a itemprop=\"url\" href=\"https:\/\/snordic.at\/de\/konfigurator\/\" target=\"_self\"  class=\"edgtf-btn edgtf-btn-medium edgtf-btn-solid edgtf-btn-with-crosshair\"  >\n                        <span class=\"edgtf-btn-lines edgtf-line-1\" style=\"background-color: #999\"><\/span>\n                    <span class=\"edgtf-btn-lines edgtf-line-2\" style=\"background-color: #999\"><\/span>\n                    <span class=\"edgtf-btn-lines edgtf-line-3\" style=\"background-color: #999\"><\/span>\n                    <span class=\"edgtf-btn-lines edgtf-line-4\" style=\"background-color: #999\"><\/span>\n                    <span class=\"edgtf-btn-text\">Sauna Configure<\/span>\n                <\/a>[\/vc_column][vc_column width=&#8220;1\/2&#8243; css=&#8220;.vc_custom_1626979801160{padding-top: 10% !important;padding-right: 10% !important;padding-bottom: 10% !important;padding-left: 10% !important;background-color: #000000 !important;}&#8220; el_class=&#8220;single-sauna-header-right&#8220;][vc_column_text]<\/p>\n<h5><strong>MASSE UND ABMESSUNGEN <\/strong><\/h5>\n<p>[\/vc_column_text][vc_column_text]<\/p>\n<ul>\n<li>Standard-Au\u00dfenma\u00dfe: 240 x 230 x 230 cm (LxBxH)<\/li>\n<li>Standardh\u00f6he mit Panoramaglas: 240 cm<\/li>\n<li>Fensterfronten und Abmessungen frei definierbar<\/li>\n<li>RAL-emaillierte Glaskante frei w\u00e4hlbar<\/li>\n<li>M\u00f6glichkeit von Sonderabmessungen und -formen<\/li>\n<\/ul>\n<p>[\/vc_column_text][vc_column_text]<\/p>\n<h5><strong>MATERIAL UND GESTALTUNG<\/strong><\/h5>\n<p>[\/vc_column_text][vc_column_text]<\/p>\n<ul>\n<li>1 breite L-f\u00f6rmige Bank oben und gro\u00dfe Liege unten<\/li>\n<li>Design-R\u00fcckenlehne mit LED-Beleuchtung<\/li>\n<li>B\u00e4nke und R\u00fcckenlehnen aus hellem Aspen oder ThermoAspen<\/li>\n<li>Holzplatte innen horizontal oder vertikal<\/li>\n<li>Kiefer, TyrolWood, Zirbelkiefer, Aspen, Thermo Aspen und viele mehr.<\/li>\n<\/ul>\n<p>[\/vc_column_text][vc_column_text]<\/p>\n<h5><strong>TECHNIK &amp; FUNKTIONEN<\/strong><\/h5>\n<p>[\/vc_column_text][vc_column_text]<\/p>\n<ul>\n<li>Eleganter S\u00e4ulen-Saunaofen<\/li>\n<li>Verdampferheizung f\u00fcr Bio-Sauna-Erlebnis<\/li>\n<li>LED-Beleuchtung hinter den R\u00fcckenlehnen und unter der Sitzbank<\/li>\n<li>Modernes Touch-Bedienfeld<\/li>\n<li>Infrarot, Solenebel, Sternenhimmel und vieles mehr<\/li>\n<\/ul>\n<p>[\/vc_column_text][\/vc_column][\/vc_row][vc_row full_width=&#8220;stretch_row_content_no_spaces&#8220;][vc_column width=&#8220;1\/2&#8243;][vc_single_image image=&#8220;5432&#8243; img_size=&#8220;full&#8220;][\/vc_column][vc_column width=&#8220;1\/2&#8243;][vc_single_image image=&#8220;5433&#8243; img_size=&#8220;full&#8220;][\/vc_column][\/vc_row][vc_row row_content_width=&#8220;grid&#8220; css=&#8220;.vc_custom_1511530161765{padding-top: 75px !important;padding-bottom: 52px !important;}&#8220;][vc_column]<div class=\"edgtf-section-title-holder  edgtf-st-vertical-lines  edgtf-st-position-left edgtf-appear-fx\" >\n\t        <span class=\"edgtf-st-vertical-top\" style=\"background-color: #8f8f8f\"><\/span>\n\t\t<div class=\"edgtf-st-inner\">\n                    <div class=\"edgtf-st-title-holder\">\n                <h2 class=\"edgtf-st-title\" style=\"color: #202020\">\n                    VOLLST\u00c4NDIGE AUSR\u00dcSTUNG                <\/h2>\n            <\/div>\n\t\t\t\t            <div class=\"edgtf-st-text-holder\">\n    \t\t\t<h6 class=\"edgtf-st-text\" style=\"color: #000000;margin-top: 1px\">\n    \t\t\t\tVoll ausgestattete Saunen f\u00fcr das bestm\u00f6gliche Erlebnis.    \t\t\t<\/h6>\n            <\/div>\n\t\t\t<\/div>\n            <span class=\"edgtf-st-vertical-bottom\" style=\"background-color: #8f8f8f\"><\/span>\n    <\/div>[\/vc_column][\/vc_row][vc_row full_width=&#8220;stretch_row_content_no_spaces&#8220; equal_height=&#8220;yes&#8220;][vc_column width=&#8220;1\/2&#8243; css=&#8220;.vc_custom_1626979801160{padding-top: 10% !important;padding-right: 10% !important;padding-bottom: 10% !important;padding-left: 10% !important;background-color: #000000 !important;}&#8220; el_class=&#8220;single-sauna-header-right&#8220;][vc_column_text]<\/p>\n<h5><strong>VOLLST\u00c4NDIGE AUSR\u00dcSTUNG<\/strong><\/h5>\n<p>[\/vc_column_text][vc_column_text]<\/p>\n<ul>\n<li>240 x 230 x 230 cm<\/li>\n<li>Varianten: Ecke \/ freistehend, 3 &#8211; 4 Personen<\/li>\n<li>Temperatur: 50 &#8211; 110\u00b0C<\/li>\n<\/ul>\n<p>[\/vc_column_text][vc_column_text]<\/p>\n<ul>\n<li>Innenw\u00e4nde: Tiroler Holzplatten<\/li>\n<li>Au\u00dfenw\u00e4nde: Aluminiumlamellen<\/li>\n<li>Dach: HydroFlex-Mehrschichtabdichtung mit Dachrinne und Fallrohr<\/li>\n<li>Panorama-Dachfenster (optional)<\/li>\n<li>Verglasung: 2 x 6 mm Thermoglas mit farbig emailliertem Rahmen<\/li>\n<li>T\u00fcr: Aluminiumrahmen \/ Glas, abschlie\u00dfbar<\/li>\n<li>Konstruktion: Fichte massiv 65 x 75 mm<\/li>\n<li>Wandd\u00e4mmung: 6 cm BIO-Holz STEICO Flex, 10 cm Wandst\u00e4rke<\/li>\n<li>Feuchtigkeitsisolierende Aluminiumfolienverkleidungen<\/li>\n<li>B\u00e4nke und R\u00fcckenlehnen: Thermo Aspen, A-Qualit\u00e4t<\/li>\n<li>Saunaofen: Helo Himalaya 10,5 kW einschlie\u00dflich. 100 kg Saunasteine<\/li>\n<li>Modernes WellMatic Touchpanel<\/li>\n<li>Holzbodengitter im Au\u00dfenbereich<\/li>\n<li>Farbige Lichttherapie: LED 12 Farben unter der Bank und hinter der R\u00fcckenlehne inkl. Fernsteuerung<\/li>\n<li>L\u00fcftungsanlage f\u00fcr permanente Frischluftzufuhr Tiroler Holz &#8211; thermobehandelt und geb\u00fcrstet ThermoAspen &#8211; speziell f\u00fcr B\u00e4nke und Lehnen<\/li>\n<\/ul>\n<p>[\/vc_column_text][\/vc_column][vc_column width=&#8220;1\/2&#8243;][vc_single_image image=&#8220;5449&#8243; img_size=&#8220;full&#8220; alignment=&#8220;center&#8220;][\/vc_column][\/vc_row][vc_row row_content_width=&#8220;grid&#8220; css=&#8220;.vc_custom_1511530161765{padding-top: 75px !important;padding-bottom: 52px !important;}&#8220;][vc_column]<div class=\"edgtf-section-title-holder  edgtf-st-vertical-lines  edgtf-st-position-left edgtf-appear-fx\" >\n\t        <span class=\"edgtf-st-vertical-top\" style=\"background-color: #8f8f8f\"><\/span>\n\t\t<div class=\"edgtf-st-inner\">\n                    <div class=\"edgtf-st-title-holder\">\n                <h2 class=\"edgtf-st-title\" style=\"color: #202020\">\n                    EINBAU UND MONTAGE                <\/h2>\n            <\/div>\n\t\t\t\t            <div class=\"edgtf-st-text-holder\">\n    \t\t\t<h6 class=\"edgtf-st-text\" style=\"color: #000000;margin-top: 1px\">\n    \t\t\t\tUnsere fachkundigen Monteure sorgen f\u00fcr eine reibungslose und schnelle Installation.    \t\t\t<\/h6>\n            <\/div>\n\t\t\t<\/div>\n            <span class=\"edgtf-st-vertical-bottom\" style=\"background-color: #8f8f8f\"><\/span>\n    <\/div>[\/vc_column][\/vc_row][vc_row full_width=&#8220;stretch_row_content_no_spaces&#8220; equal_height=&#8220;yes&#8220;][vc_column width=&#8220;1\/2&#8243; css=&#8220;.vc_custom_1626981264736{padding-top: 10% !important;padding-bottom: 10% !important;padding-left: 20% !important;}&#8220;][vc_single_image image=&#8220;5435&#8243; img_size=&#8220;full&#8220;][\/vc_column][vc_column width=&#8220;1\/2&#8243; css=&#8220;.vc_custom_1626979801160{padding-top: 10% !important;padding-right: 10% !important;padding-bottom: 10% !important;padding-left: 10% !important;background-color: #000000 !important;}&#8220; el_class=&#8220;single-sauna-header-right&#8220;][vc_column_text]<\/p>\n<h5><strong>ANFORDERUNGEN VOR ORT<\/strong><\/h5>\n<p>[\/vc_column_text][vc_column_text]<\/p>\n<ul>\n<li>Stromkabel: 400 V \/ 5x 2,5 mm\u00b2, 3x 16 A C-Sicherung<\/li>\n<li>Boden: gerade, eben und fest<\/li>\n<li>Erreichbarkeit des Aufstellungsortes<\/li>\n<\/ul>\n<p>[\/vc_column_text][vc_column_text]<\/p>\n<h5><strong>LIEFERUNG UND INSTALLATION<\/strong><\/h5>\n<p>[\/vc_column_text][vc_column_text]<\/p>\n<ul>\n<li>Vorfertigung der Sauna in der Fabrik<\/li>\n<li>Lieferung direkt auf die Baustelle<\/li>\n<li>Platzierung mit Kran, Gabelstapler oder Hubschrauber<\/li>\n<li>Endbearbeitung und Fertigstellung durch unser professionelles Montageteam<\/li>\n<li>Stromanschluss f\u00fcr Testzwecke<\/li>\n<li>Inbetriebnahme, Funktionstest, Schulung &amp; \u00dcbergabe der Betriebsanleitung<\/li>\n<\/ul>\n<p>[\/vc_column_text][vc_column_text]<\/p>\n<h5><strong>SAUNAOFEN HELO HIMALAYA (10,5 KW)<\/strong><\/h5>\n<p>[\/vc_column_text][vc_column_text]<\/p>\n<ul>\n<li>Leistungsstarker Saunaturm mit modernem Design<\/li>\n<li>Stilvoll in die untere Saunabank integriert<\/li>\n<li>Milde und gleichzeitig angenehm intensive W\u00e4rme<\/li>\n<li>Gleichm\u00e4\u00dfige und schnelle Ausbreitung der W\u00e4rme<\/li>\n<li>Robuster Schmiedestahl, veredelt zu geb\u00fcrstetem Edelstahl<\/li>\n<li>Inklusive 100 kg finnischer Saunasteine f\u00fcr lang anhaltende W\u00e4rme<\/li>\n<\/ul>\n<p>[\/vc_column_text][\/vc_column][\/vc_row][vc_row css=&#8220;.vc_custom_1626981131339{padding-top: 75px !important;padding-bottom: 190px !important;background-image: url(http:\/\/arm-design.si\/projekti\/marko\/nordic\/wp-content\/uploads\/2021\/07\/ISCHGL-middle-image.jpg?id=4339) !important;}&#8220;][vc_column css=&#8220;.vc_custom_1626981407360{background-position: center !important;background-repeat: no-repeat !important;background-size: cover !important;}&#8220;][vc_column_text el_class=&#8220;single-sauna-heading&#8220;]<\/p>\n<h2 style=\"text-align: center;\">ATEMBERAUBENDES DESIGN. PERFEKT<br \/>\nQUALIT\u00c4T. NAT\u00dcRLICHE MATERIALIEN.<\/h2>\n<p>[\/vc_column_text][\/vc_column][\/vc_row][vc_row row_content_width=&#8220;grid&#8220; css=&#8220;.vc_custom_1511530161765{padding-top: 75px !important;padding-bottom: 52px !important;}&#8220;][vc_column]<div class=\"edgtf-section-title-holder  edgtf-st-vertical-lines  edgtf-st-position-left edgtf-appear-fx\" >\n\t        <span class=\"edgtf-st-vertical-top\" style=\"background-color: #8f8f8f\"><\/span>\n\t\t<div class=\"edgtf-st-inner\">\n                    <div class=\"edgtf-st-title-holder\">\n                <h2 class=\"edgtf-st-title\" style=\"color: #202020\">\n                    REFERENZEN UND GALERIE                <\/h2>\n            <\/div>\n\t\t\t\t            <div class=\"edgtf-st-text-holder\">\n    \t\t\t<h6 class=\"edgtf-st-text\" style=\"color: #000000;margin-top: 1px\">\n    \t\t\t\tSehen Sie sich unsere letzten abgeschlossenen Projekte an.    \t\t\t<\/h6>\n            <\/div>\n\t\t\t<\/div>\n            <span class=\"edgtf-st-vertical-bottom\" style=\"background-color: #8f8f8f\"><\/span>\n    <\/div>[\/vc_column][\/vc_row][vc_row][vc_column]<div class=\"edgtf-image-gallery  edgtf-ig-grid-type edgtf-no-space  edgtf-image-behavior-lightbox \">\n\t<div class=\"edgtf-ig-inner edgtf-outer-space edgtf-ig-grid edgtf-ig-four-columns\">\n\t\t\t\t\t<div class=\"edgtf-ig-image edgtf-item-space\">\n\t\t\t\t<div class=\"edgtf-ig-image-inner\">\n\t\t\t\t\t\t\t\t\t\t\t<a itemprop=\"image\" class=\"edgtf-ig-lightbox\" href=\"https:\/\/snordic.at\/wp-content\/uploads\/2021\/06\/galerie_under_slider_4_jpeg.jpg\" data-rel=\"prettyPhoto[image_gallery_pretty_photo-398]\" title=\"galerie_under_slider_4_jpeg\">\n\t\t\t\t\t\t\t\t\t\t\t<img loading=\"lazy\" decoding=\"async\" src=\"https:\/\/snordic.at\/wp-content\/uploads\/2021\/06\/galerie_under_slider_4_jpeg-512x512.jpg\" alt=\"\" width=\"512\" height=\"512\" \/>\t\t\t\t\t\t\t\t\t\t\t<\/a>\n\t\t\t\t\t\t\t\t\t<\/div>\n\t\t\t<\/div>\n\t\t\t\t\t<div class=\"edgtf-ig-image edgtf-item-space\">\n\t\t\t\t<div class=\"edgtf-ig-image-inner\">\n\t\t\t\t\t\t\t\t\t\t\t<a itemprop=\"image\" class=\"edgtf-ig-lightbox\" href=\"https:\/\/snordic.at\/wp-content\/uploads\/2021\/06\/galerie_under_slider_3_jpeg.jpg\" data-rel=\"prettyPhoto[image_gallery_pretty_photo-398]\" title=\"galerie_under_slider_3_jpeg\">\n\t\t\t\t\t\t\t\t\t\t\t<img loading=\"lazy\" decoding=\"async\" src=\"https:\/\/snordic.at\/wp-content\/uploads\/2021\/06\/galerie_under_slider_3_jpeg-512x512.jpg\" alt=\"\" width=\"512\" height=\"512\" \/>\t\t\t\t\t\t\t\t\t\t\t<\/a>\n\t\t\t\t\t\t\t\t\t<\/div>\n\t\t\t<\/div>\n\t\t\t\t\t<div class=\"edgtf-ig-image edgtf-item-space\">\n\t\t\t\t<div class=\"edgtf-ig-image-inner\">\n\t\t\t\t\t\t\t\t\t\t\t<a itemprop=\"image\" class=\"edgtf-ig-lightbox\" href=\"https:\/\/snordic.at\/wp-content\/uploads\/2021\/06\/galerie_under_slider_2_jpeg.jpg\" data-rel=\"prettyPhoto[image_gallery_pretty_photo-398]\" title=\"galerie_under_slider_2_jpeg\">\n\t\t\t\t\t\t\t\t\t\t\t<img loading=\"lazy\" decoding=\"async\" src=\"https:\/\/snordic.at\/wp-content\/uploads\/2021\/06\/galerie_under_slider_2_jpeg-512x512.jpg\" alt=\"\" width=\"512\" height=\"512\" \/>\t\t\t\t\t\t\t\t\t\t\t<\/a>\n\t\t\t\t\t\t\t\t\t<\/div>\n\t\t\t<\/div>\n\t\t\t\t\t<div class=\"edgtf-ig-image edgtf-item-space\">\n\t\t\t\t<div class=\"edgtf-ig-image-inner\">\n\t\t\t\t\t\t\t\t\t\t\t<a itemprop=\"image\" class=\"edgtf-ig-lightbox\" href=\"https:\/\/snordic.at\/wp-content\/uploads\/2021\/06\/galerie_under_slider_1_jpeg.jpg\" data-rel=\"prettyPhoto[image_gallery_pretty_photo-398]\" title=\"galerie_under_slider_1_jpeg\">\n\t\t\t\t\t\t\t\t\t\t\t<img loading=\"lazy\" decoding=\"async\" src=\"https:\/\/snordic.at\/wp-content\/uploads\/2021\/06\/galerie_under_slider_1_jpeg-512x512.jpg\" alt=\"\" width=\"512\" height=\"512\" \/>\t\t\t\t\t\t\t\t\t\t\t<\/a>\n\t\t\t\t\t\t\t\t\t<\/div>\n\t\t\t<\/div>\n\t\t\t<\/div>\n<\/div><div class=\"edgtf-image-gallery  edgtf-ig-grid-type edgtf-no-space  edgtf-image-behavior-lightbox \">\n\t<div class=\"edgtf-ig-inner edgtf-outer-space edgtf-ig-grid edgtf-ig-four-columns\">\n\t\t\t\t\t<div class=\"edgtf-ig-image edgtf-item-space\">\n\t\t\t\t<div class=\"edgtf-ig-image-inner\">\n\t\t\t\t\t\t\t\t\t\t\t<a itemprop=\"image\" class=\"edgtf-ig-lightbox\" href=\"https:\/\/snordic.at\/wp-content\/uploads\/2021\/06\/galerie_under_slider_4_jpeg.jpg\" data-rel=\"prettyPhoto[image_gallery_pretty_photo-509]\" title=\"galerie_under_slider_4_jpeg\">\n\t\t\t\t\t\t\t\t\t\t\t<img loading=\"lazy\" decoding=\"async\" src=\"https:\/\/snordic.at\/wp-content\/uploads\/2021\/06\/galerie_under_slider_4_jpeg-512x512.jpg\" alt=\"\" width=\"512\" height=\"512\" \/>\t\t\t\t\t\t\t\t\t\t\t<\/a>\n\t\t\t\t\t\t\t\t\t<\/div>\n\t\t\t<\/div>\n\t\t\t\t\t<div class=\"edgtf-ig-image edgtf-item-space\">\n\t\t\t\t<div class=\"edgtf-ig-image-inner\">\n\t\t\t\t\t\t\t\t\t\t\t<a itemprop=\"image\" class=\"edgtf-ig-lightbox\" href=\"https:\/\/snordic.at\/wp-content\/uploads\/2021\/06\/galerie_under_slider_3_jpeg.jpg\" data-rel=\"prettyPhoto[image_gallery_pretty_photo-509]\" title=\"galerie_under_slider_3_jpeg\">\n\t\t\t\t\t\t\t\t\t\t\t<img loading=\"lazy\" decoding=\"async\" src=\"https:\/\/snordic.at\/wp-content\/uploads\/2021\/06\/galerie_under_slider_3_jpeg-512x512.jpg\" alt=\"\" width=\"512\" height=\"512\" \/>\t\t\t\t\t\t\t\t\t\t\t<\/a>\n\t\t\t\t\t\t\t\t\t<\/div>\n\t\t\t<\/div>\n\t\t\t\t\t<div class=\"edgtf-ig-image edgtf-item-space\">\n\t\t\t\t<div class=\"edgtf-ig-image-inner\">\n\t\t\t\t\t\t\t\t\t\t\t<a itemprop=\"image\" class=\"edgtf-ig-lightbox\" href=\"https:\/\/snordic.at\/wp-content\/uploads\/2021\/06\/galerie_under_slider_2_jpeg.jpg\" data-rel=\"prettyPhoto[image_gallery_pretty_photo-509]\" title=\"galerie_under_slider_2_jpeg\">\n\t\t\t\t\t\t\t\t\t\t\t<img loading=\"lazy\" decoding=\"async\" src=\"https:\/\/snordic.at\/wp-content\/uploads\/2021\/06\/galerie_under_slider_2_jpeg-512x512.jpg\" alt=\"\" width=\"512\" height=\"512\" \/>\t\t\t\t\t\t\t\t\t\t\t<\/a>\n\t\t\t\t\t\t\t\t\t<\/div>\n\t\t\t<\/div>\n\t\t\t\t\t<div class=\"edgtf-ig-image edgtf-item-space\">\n\t\t\t\t<div class=\"edgtf-ig-image-inner\">\n\t\t\t\t\t\t\t\t\t\t\t<a itemprop=\"image\" class=\"edgtf-ig-lightbox\" href=\"https:\/\/snordic.at\/wp-content\/uploads\/2021\/06\/galerie_under_slider_1_jpeg.jpg\" data-rel=\"prettyPhoto[image_gallery_pretty_photo-509]\" title=\"galerie_under_slider_1_jpeg\">\n\t\t\t\t\t\t\t\t\t\t\t<img loading=\"lazy\" decoding=\"async\" src=\"https:\/\/snordic.at\/wp-content\/uploads\/2021\/06\/galerie_under_slider_1_jpeg-512x512.jpg\" alt=\"\" width=\"512\" height=\"512\" \/>\t\t\t\t\t\t\t\t\t\t\t<\/a>\n\t\t\t\t\t\t\t\t\t<\/div>\n\t\t\t<\/div>\n\t\t\t<\/div>\n<\/div>[\/vc_column][\/vc_row][vc_row content_placement=&#8220;middle&#8220;][vc_column css=&#8220;.vc_custom_1626983086869{margin-top: 45px !important;margin-bottom: 45px !important;}&#8220; el_class=&#8220;single-sauna-btn-center&#8220;]<a itemprop=\"url\" href=\"https:\/\/snordic.at\/de\/konfigurator\/\" target=\"_self\"  class=\"edgtf-btn edgtf-btn-medium edgtf-btn-solid edgtf-btn-with-crosshair\"  >\n                        <span class=\"edgtf-btn-lines edgtf-line-1\" style=\"background-color: #999\"><\/span>\n                    <span class=\"edgtf-btn-lines edgtf-line-2\" style=\"background-color: #999\"><\/span>\n                    <span class=\"edgtf-btn-lines edgtf-line-3\" style=\"background-color: #999\"><\/span>\n                    <span class=\"edgtf-btn-lines edgtf-line-4\" style=\"background-color: #999\"><\/span>\n                    <span class=\"edgtf-btn-text\">Sauna konfigurieren<\/span>\n                <\/a>[\/vc_column][\/vc_row][vc_row css=&#8220;.vc_custom_1626983869280{padding-top: 10% !important;padding-right: 10% !important;padding-bottom: 10% !important;padding-left: 10% !important;background-image: url(http:\/\/arm-design.si\/projekti\/marko\/nordic\/wp-content\/uploads\/2021\/07\/Footer-features.jpg?id=4353) !important;background-position: center !important;background-repeat: no-repeat !important;background-size: cover !important;}&#8220; el_class=&#8220;single-sauna-footer&#8220;][vc_column width=&#8220;3\/12&#8243;][vc_column_text css=&#8220;.vc_custom_1630145111149{padding-bottom: 30px !important;}&#8220;]<\/p>\n<p data-pm-slice=\"1 1 []\"><strong>ZAHLUNGSTYP<\/strong><\/p>\n<p>[\/vc_column_text][vc_row_inner content_placement=&#8220;middle&#8220; css=&#8220;.vc_custom_1626984160663{margin-bottom: 30px !important;}&#8220;][vc_column_inner width=&#8220;1\/2&#8243;][vc_single_image image=&#8220;5438&#8243; img_size=&#8220;full&#8220;][\/vc_column_inner][\/vc_row_inner][vc_row_inner content_placement=&#8220;middle&#8220;][vc_column_inner width=&#8220;1\/2&#8243;][vc_single_image image=&#8220;5440&#8243; img_size=&#8220;full&#8220;][\/vc_column_inner][vc_column_inner width=&#8220;1\/2&#8243;][vc_single_image image=&#8220;5443&#8243; img_size=&#8220;full&#8220;][\/vc_column_inner][\/vc_row_inner][vc_column_text css=&#8220;.vc_custom_1630145118347{padding-top: 30px !important;}&#8220;]Kreditkarte? PayPal? Was auch immer Sie verwenden, wir haben das Richtige f\u00fcr Sie![\/vc_column_text][\/vc_column][vc_column width=&#8220;9\/12&#8243; el_class=&#8220;single-sauna-footer-right&#8220;][vc_row_inner][vc_column_inner width=&#8220;2\/12&#8243;][\/vc_column_inner][vc_column_inner width=&#8220;3\/12&#8243;][vc_empty_space height=&#8220;15px&#8220;][vc_single_image image=&#8220;5444&#8243; img_size=&#8220;full&#8220; alignment=&#8220;center&#8220;][vc_column_text]<\/p>\n<p style=\"text-align: center;\">Sicher<br \/>\nOnline-Zahlung<\/p>\n<p>[\/vc_column_text][vc_separator color=&#8220;white&#8220; border_width=&#8220;3&#8243; el_width=&#8220;30&#8243; css=&#8220;.vc_custom_1626984466701{padding-top: 15px !important;padding-bottom: 15px !important;}&#8220;][vc_column_text]<\/p>\n<p style=\"text-align: center;\">Ein sicheres, einziges Zahlungssystem f\u00fcr ein sorgenfreies Einkaufserlebnis.<\/p>\n<p>[\/vc_column_text][\/vc_column_inner][vc_column_inner width=&#8220;3\/12&#8243;][vc_empty_space height=&#8220;15px&#8220;][vc_single_image image=&#8220;5445&#8243; img_size=&#8220;full&#8220; alignment=&#8220;center&#8220;][vc_column_text]<\/p>\n<p style=\"text-align: center;\">Schnell und<br \/>\nzuverl\u00e4ssige Lieferung<\/p>\n<p>[\/vc_column_text][vc_separator color=&#8220;white&#8220; border_width=&#8220;3&#8243; el_width=&#8220;30&#8243; css=&#8220;.vc_custom_1626984471973{padding-top: 15px !important;padding-bottom: 15px !important;}&#8220;][vc_column_text]<\/p>\n<p style=\"text-align: center;\">Ein schneller und zuverl\u00e4ssiger Lieferservice, damit Sie Ihre Produkte p\u00fcnktlich und unversehrt erhalten.<\/p>\n<p>[\/vc_column_text][\/vc_column_inner][vc_column_inner width=&#8220;3\/12&#8243;][vc_empty_space height=&#8220;15px&#8220;][vc_single_image image=&#8220;5446&#8243; img_size=&#8220;full&#8220; alignment=&#8220;center&#8220;][vc_column_text]<\/p>\n<p style=\"text-align: center;\">Garantie f\u00fcr die Qualit\u00e4t<br \/>\nder Materialien<\/p>\n<p>[\/vc_column_text][vc_separator color=&#8220;white&#8220; border_width=&#8220;3&#8243; el_width=&#8220;30&#8243; css=&#8220;.vc_custom_1626984477037{padding-top: 15px !important;padding-bottom: 15px !important;}&#8220;][vc_column_text]<\/p>\n<p style=\"text-align: center;\">Wir verwenden nur die besten verf\u00fcgbaren Materialien, damit unsere Produkte eine lange Lebensdauer haben.<\/p>\n<p>[\/vc_column_text][\/vc_column_inner][vc_column_inner width=&#8220;1\/12&#8243;][\/vc_column_inner][\/vc_row_inner][\/vc_column][\/vc_row]<\/p>\n","protected":false},"excerpt":{"rendered":"<p>[vc_row full_width=&#8220;stretch_row_content_no_spaces&#8220; equal_height=&#8220;yes&#8220; el_class=&#8220;single-sauna-first&#8220;][vc_column width=&#8220;1\/2&#8243; css=&#8220;.vc_custom_1626979529179{padding-top: 10% !important;padding-right: 10% !important;padding-bottom: 10% !important;padding-left: 10% !important;}&#8220;][vc_column_text] ZEITLOS, ELEGANT UND GERADLINIG &#8211; DER BAUTREND ZUR VOLLFL\u00c4CHIGEN VERGLASUNG [\/vc_column_text][vc_empty_space height=&#8220;60px&#8220;][vc_column_text]Isolierverglasung &#8211; die 2 x 6 mm W\u00e4rmeschutzscheiben garantieren nicht nur eine perfekte Energieeffizienz beim [&hellip;]<\/p>\n","protected":false},"author":1,"featured_media":0,"parent":0,"menu_order":0,"comment_status":"closed","ping_status":"closed","template":"full-width.php","meta":{"inline_featured_image":false,"footnotes":""},"_links":{"self":[{"href":"https:\/\/snordic.at\/de\/wp-json\/wp\/v2\/pages\/5489"}],"collection":[{"href":"https:\/\/snordic.at\/de\/wp-json\/wp\/v2\/pages"}],"about":[{"href":"https:\/\/snordic.at\/de\/wp-json\/wp\/v2\/types\/page"}],"author":[{"embeddable":true,"href":"https:\/\/snordic.at\/de\/wp-json\/wp\/v2\/users\/1"}],"replies":[{"embeddable":true,"href":"https:\/\/snordic.at\/de\/wp-json\/wp\/v2\/comments?post=5489"}],"version-history":[{"count":6,"href":"https:\/\/snordic.at\/de\/wp-json\/wp\/v2\/pages\/5489\/revisions"}],"predecessor-version":[{"id":5610,"href":"https:\/\/snordic.at\/de\/wp-json\/wp\/v2\/pages\/5489\/revisions\/5610"}],"wp:attachment":[{"href":"https:\/\/snordic.at\/de\/wp-json\/wp\/v2\/media?parent=5489"}],"curies":[{"name":"wp","href":"https:\/\/api.w.org\/{rel}","templated":true}]}}