{"id":5501,"date":"2021-10-16T10:36:45","date_gmt":"2021-10-16T08:36:45","guid":{"rendered":"https:\/\/snordic.at\/garten-sauna-4\/"},"modified":"2021-10-28T12:57:35","modified_gmt":"2021-10-28T10:57:35","slug":"amade","status":"publish","type":"page","link":"https:\/\/snordic.at\/de\/amade\/","title":{"rendered":"Garten-Sauna"},"content":{"rendered":"<p>[vc_row full_width=&#8220;stretch_row_content_no_spaces&#8220; equal_height=&#8220;yes&#8220; el_class=&#8220;single-sauna-first&#8220;][vc_column width=&#8220;1\/2&#8243; css=&#8220;.vc_custom_1626979529179{padding-top: 10% !important;padding-right: 10% !important;padding-bottom: 10% !important;padding-left: 10% !important;}&#8220;][vc_column_text]<\/p>\n<h3>IM EINKLANG MIT HAUS, HOF &amp; GARTEN &#8211; DIE AUSSENSAUNA MIT FASSADENDESIGN<\/h3>\n<p>[\/vc_column_text][vc_empty_space height=&#8220;60px&#8220;][vc_column_text]Saunieren ist Teil einer uralten Kultur und f\u00fcr viele Menschen der Inbegriff von Wohlbefinden. Als zeitgem\u00e4\u00dfe Au\u00dfensauna verbindet AMAD\u00c9 die innere Funktionalit\u00e4t einer gem\u00fctlichen Familiensauna mit der \u00e4u\u00dferen Eleganz eines modernen Gartenhauses in einem puristischen und geradlinigen Design. Diese Gartensauna verf\u00fcgt \u00fcber eine vollverspiegelte Au\u00dfenfl\u00e4che, die sie wie ein hochwertiges Objekt erscheinen l\u00e4sst. Die dunkel verspiegelte Glash\u00fclle der Kabine f\u00fcgt sich harmonisch und fast unauff\u00e4llig in die Umgebung eines Gartens ein. Dar\u00fcber hinaus bietet das thermisch veredelte Spiegelglas den besonderen Effekt, die Umgebung bei Tageslicht zu reflektieren und die Nutzer der Kabine vor neugierigen Blicken von au\u00dfen zu sch\u00fctzen. Dies erm\u00f6glicht eine fast &#8222;unsichtbare&#8220; Nutzung der Sauna, und der Blick nach drau\u00dfen w\u00e4hrend des Saunagangs l\u00e4sst den Benutzer die Enge der Kabine vergessen. Die R\u00fcckseite der Sauna ist mit einem Aluminium-Lamellenschutz mit integrierter Regenrinne versehen. Der Innenraum zeichnet sich durch eine thermische Behandlung und die hochwertige Verarbeitung von rustikalem Tiroler Holz an W\u00e4nden und Decke aus. Eine L-f\u00f6rmige obere Bank und eine gro\u00dfe Liege als untere Bank aus Thermospene sowie eine ergonomische R\u00fcckenlehne bieten viel Komfort. Ausgestattet mit einem raffinierten HARVIA-Saunaofen und stimmungsvollem LED-Multilicht erm\u00f6glicht diese Sauna auch im Winter ein perfektes Saunavergn\u00fcgen.[\/vc_column_text][vc_empty_space height=&#8220;60px&#8220;]<a itemprop=\"url\" href=\"https:\/\/snordic.at\/de\/konfigurator\/\" target=\"_self\"  class=\"edgtf-btn edgtf-btn-medium edgtf-btn-solid edgtf-btn-with-crosshair\"  >\n                        <span class=\"edgtf-btn-lines edgtf-line-1\" style=\"background-color: #999\"><\/span>\n                    <span class=\"edgtf-btn-lines edgtf-line-2\" style=\"background-color: #999\"><\/span>\n                    <span class=\"edgtf-btn-lines edgtf-line-3\" style=\"background-color: #999\"><\/span>\n                    <span class=\"edgtf-btn-lines edgtf-line-4\" style=\"background-color: #999\"><\/span>\n                    <span class=\"edgtf-btn-text\">Sauna Configure<\/span>\n                <\/a>[\/vc_column][vc_column width=&#8220;1\/2&#8243; css=&#8220;.vc_custom_1630148786017{padding-top: 10% !important;padding-right: 10% !important;padding-bottom: 10% !important;padding-left: 10% !important;background-color: #ffffff !important;}&#8220; el_class=&#8220;single-sauna-header-right&#8220;][vc_column_text]<\/p>\n<h3>Red Dot Design Auszeichnung: AMAD\u00c9 &#8211; Spiegelglas-Sauna<\/h3>\n<p>[\/vc_column_text][vc_empty_space height=&#8220;60px&#8220;][vc_column_text]<\/p>\n<div class=\"statement\">\n<p><strong>Erkl\u00e4rung der Jury<\/strong><\/p>\n<p>Als verspiegelte Kabine f\u00fcgt sich die AMAD\u00c9 Au\u00dfensauna nahtlos in nahezu jede Gartenumgebung ein. Es bietet die faszinierende Erfahrung, unsichtbar in einem geschlossenen Raum zu sitzen und dennoch alles von au\u00dfen sehen zu k\u00f6nnen. \u00c4sthetische Lichteffekte und eine perfekt abgestimmte Verarbeitung unterstreichen den Eindruck von Eleganz. Die Sauna ist hochfunktional, ergonomisch komfortabel und besticht durch die Verwendung hochwertiger Materialien.<\/p>\n<\/div>\n<p>[\/vc_column_text][vc_empty_space height=&#8220;60px&#8220;][vc_single_image image=&#8220;5470&#8243; img_size=&#8220;medium&#8220; alignment=&#8220;center&#8220;][\/vc_column][\/vc_row][vc_row full_width=&#8220;stretch_row_content_no_spaces&#8220; equal_height=&#8220;yes&#8220;][vc_column width=&#8220;1\/2&#8243;][vc_single_image image=&#8220;5469&#8243; img_size=&#8220;full&#8220;][\/vc_column][vc_column width=&#8220;1\/2&#8243;][vc_single_image image=&#8220;5467&#8243; img_size=&#8220;full&#8220;][\/vc_column][\/vc_row][vc_row css=&#8220;.vc_custom_1629977895592{padding-top: 110px !important;padding-bottom: 190px !important;background-image: url(http:\/\/arm-design.si\/projekti\/marko\/nordic\/wp-content\/uploads\/2021\/07\/ISCHGL-middle-image.jpg?id=4339) !important;}&#8220;][vc_column css=&#8220;.vc_custom_1626981407360{background-position: center !important;background-repeat: no-repeat !important;background-size: cover !important;}&#8220;][vc_column_text el_class=&#8220;single-sauna-heading&#8220;]<\/p>\n<h2 style=\"text-align: center;\">ATEMBERAUBENDES DESIGN. PERFEKT<br \/>\nQUALIT\u00c4T. NAT\u00dcRLICHE MATERIALIEN.<\/h2>\n<p>[\/vc_column_text][\/vc_column][\/vc_row][vc_row row_content_width=&#8220;grid&#8220; css=&#8220;.vc_custom_1511530161765{padding-top: 75px !important;padding-bottom: 52px !important;}&#8220;][vc_column]<div class=\"edgtf-section-title-holder  edgtf-st-vertical-lines  edgtf-st-position-left edgtf-appear-fx\" >\n\t        <span class=\"edgtf-st-vertical-top\" style=\"background-color: #8f8f8f\"><\/span>\n\t\t<div class=\"edgtf-st-inner\">\n                    <div class=\"edgtf-st-title-holder\">\n                <h2 class=\"edgtf-st-title\" style=\"color: #202020\">\n                    REFERENZEN UND GALERIE                <\/h2>\n            <\/div>\n\t\t\t\t            <div class=\"edgtf-st-text-holder\">\n    \t\t\t<h6 class=\"edgtf-st-text\" style=\"color: #000000;margin-top: 1px\">\n    \t\t\t\tSehen Sie sich unsere letzten abgeschlossenen Projekte an.    \t\t\t<\/h6>\n            <\/div>\n\t\t\t<\/div>\n            <span class=\"edgtf-st-vertical-bottom\" style=\"background-color: #8f8f8f\"><\/span>\n    <\/div>[\/vc_column][\/vc_row][vc_row][vc_column]<div class=\"edgtf-image-gallery  edgtf-ig-grid-type edgtf-no-space  edgtf-image-behavior-lightbox \">\n\t<div class=\"edgtf-ig-inner edgtf-outer-space edgtf-ig-grid edgtf-ig-four-columns\">\n\t\t\t\t\t<div class=\"edgtf-ig-image edgtf-item-space\">\n\t\t\t\t<div class=\"edgtf-ig-image-inner\">\n\t\t\t\t\t\t\t\t\t\t\t<a itemprop=\"image\" class=\"edgtf-ig-lightbox\" href=\"https:\/\/snordic.at\/wp-content\/uploads\/2021\/06\/galerie_under_slider_4_jpeg.jpg\" data-rel=\"prettyPhoto[image_gallery_pretty_photo-550]\" title=\"galerie_under_slider_4_jpeg\">\n\t\t\t\t\t\t\t\t\t\t\t<img loading=\"lazy\" decoding=\"async\" src=\"https:\/\/snordic.at\/wp-content\/uploads\/2021\/06\/galerie_under_slider_4_jpeg-512x512.jpg\" alt=\"\" width=\"512\" height=\"512\" \/>\t\t\t\t\t\t\t\t\t\t\t<\/a>\n\t\t\t\t\t\t\t\t\t<\/div>\n\t\t\t<\/div>\n\t\t\t\t\t<div class=\"edgtf-ig-image edgtf-item-space\">\n\t\t\t\t<div class=\"edgtf-ig-image-inner\">\n\t\t\t\t\t\t\t\t\t\t\t<a itemprop=\"image\" class=\"edgtf-ig-lightbox\" href=\"https:\/\/snordic.at\/wp-content\/uploads\/2021\/06\/galerie_under_slider_3_jpeg.jpg\" data-rel=\"prettyPhoto[image_gallery_pretty_photo-550]\" title=\"galerie_under_slider_3_jpeg\">\n\t\t\t\t\t\t\t\t\t\t\t<img loading=\"lazy\" decoding=\"async\" src=\"https:\/\/snordic.at\/wp-content\/uploads\/2021\/06\/galerie_under_slider_3_jpeg-512x512.jpg\" alt=\"\" width=\"512\" height=\"512\" \/>\t\t\t\t\t\t\t\t\t\t\t<\/a>\n\t\t\t\t\t\t\t\t\t<\/div>\n\t\t\t<\/div>\n\t\t\t\t\t<div class=\"edgtf-ig-image edgtf-item-space\">\n\t\t\t\t<div class=\"edgtf-ig-image-inner\">\n\t\t\t\t\t\t\t\t\t\t\t<a itemprop=\"image\" class=\"edgtf-ig-lightbox\" href=\"https:\/\/snordic.at\/wp-content\/uploads\/2021\/06\/galerie_under_slider_2_jpeg.jpg\" data-rel=\"prettyPhoto[image_gallery_pretty_photo-550]\" title=\"galerie_under_slider_2_jpeg\">\n\t\t\t\t\t\t\t\t\t\t\t<img loading=\"lazy\" decoding=\"async\" src=\"https:\/\/snordic.at\/wp-content\/uploads\/2021\/06\/galerie_under_slider_2_jpeg-512x512.jpg\" alt=\"\" width=\"512\" height=\"512\" \/>\t\t\t\t\t\t\t\t\t\t\t<\/a>\n\t\t\t\t\t\t\t\t\t<\/div>\n\t\t\t<\/div>\n\t\t\t\t\t<div class=\"edgtf-ig-image edgtf-item-space\">\n\t\t\t\t<div class=\"edgtf-ig-image-inner\">\n\t\t\t\t\t\t\t\t\t\t\t<a itemprop=\"image\" class=\"edgtf-ig-lightbox\" href=\"https:\/\/snordic.at\/wp-content\/uploads\/2021\/06\/galerie_under_slider_1_jpeg.jpg\" data-rel=\"prettyPhoto[image_gallery_pretty_photo-550]\" title=\"galerie_under_slider_1_jpeg\">\n\t\t\t\t\t\t\t\t\t\t\t<img loading=\"lazy\" decoding=\"async\" src=\"https:\/\/snordic.at\/wp-content\/uploads\/2021\/06\/galerie_under_slider_1_jpeg-512x512.jpg\" alt=\"\" width=\"512\" height=\"512\" \/>\t\t\t\t\t\t\t\t\t\t\t<\/a>\n\t\t\t\t\t\t\t\t\t<\/div>\n\t\t\t<\/div>\n\t\t\t<\/div>\n<\/div><div class=\"edgtf-image-gallery  edgtf-ig-grid-type edgtf-no-space  edgtf-image-behavior-lightbox \">\n\t<div class=\"edgtf-ig-inner edgtf-outer-space edgtf-ig-grid edgtf-ig-four-columns\">\n\t\t\t\t\t<div class=\"edgtf-ig-image edgtf-item-space\">\n\t\t\t\t<div class=\"edgtf-ig-image-inner\">\n\t\t\t\t\t\t\t\t\t\t\t<a itemprop=\"image\" class=\"edgtf-ig-lightbox\" href=\"https:\/\/snordic.at\/wp-content\/uploads\/2021\/06\/galerie_under_slider_4_jpeg.jpg\" data-rel=\"prettyPhoto[image_gallery_pretty_photo-581]\" title=\"galerie_under_slider_4_jpeg\">\n\t\t\t\t\t\t\t\t\t\t\t<img loading=\"lazy\" decoding=\"async\" src=\"https:\/\/snordic.at\/wp-content\/uploads\/2021\/06\/galerie_under_slider_4_jpeg-512x512.jpg\" alt=\"\" width=\"512\" height=\"512\" \/>\t\t\t\t\t\t\t\t\t\t\t<\/a>\n\t\t\t\t\t\t\t\t\t<\/div>\n\t\t\t<\/div>\n\t\t\t\t\t<div class=\"edgtf-ig-image edgtf-item-space\">\n\t\t\t\t<div class=\"edgtf-ig-image-inner\">\n\t\t\t\t\t\t\t\t\t\t\t<a itemprop=\"image\" class=\"edgtf-ig-lightbox\" href=\"https:\/\/snordic.at\/wp-content\/uploads\/2021\/06\/galerie_under_slider_3_jpeg.jpg\" data-rel=\"prettyPhoto[image_gallery_pretty_photo-581]\" title=\"galerie_under_slider_3_jpeg\">\n\t\t\t\t\t\t\t\t\t\t\t<img loading=\"lazy\" decoding=\"async\" src=\"https:\/\/snordic.at\/wp-content\/uploads\/2021\/06\/galerie_under_slider_3_jpeg-512x512.jpg\" alt=\"\" width=\"512\" height=\"512\" \/>\t\t\t\t\t\t\t\t\t\t\t<\/a>\n\t\t\t\t\t\t\t\t\t<\/div>\n\t\t\t<\/div>\n\t\t\t\t\t<div class=\"edgtf-ig-image edgtf-item-space\">\n\t\t\t\t<div class=\"edgtf-ig-image-inner\">\n\t\t\t\t\t\t\t\t\t\t\t<a itemprop=\"image\" class=\"edgtf-ig-lightbox\" href=\"https:\/\/snordic.at\/wp-content\/uploads\/2021\/06\/galerie_under_slider_2_jpeg.jpg\" data-rel=\"prettyPhoto[image_gallery_pretty_photo-581]\" title=\"galerie_under_slider_2_jpeg\">\n\t\t\t\t\t\t\t\t\t\t\t<img loading=\"lazy\" decoding=\"async\" src=\"https:\/\/snordic.at\/wp-content\/uploads\/2021\/06\/galerie_under_slider_2_jpeg-512x512.jpg\" alt=\"\" width=\"512\" height=\"512\" \/>\t\t\t\t\t\t\t\t\t\t\t<\/a>\n\t\t\t\t\t\t\t\t\t<\/div>\n\t\t\t<\/div>\n\t\t\t\t\t<div class=\"edgtf-ig-image edgtf-item-space\">\n\t\t\t\t<div class=\"edgtf-ig-image-inner\">\n\t\t\t\t\t\t\t\t\t\t\t<a itemprop=\"image\" class=\"edgtf-ig-lightbox\" href=\"https:\/\/snordic.at\/wp-content\/uploads\/2021\/06\/galerie_under_slider_1_jpeg.jpg\" data-rel=\"prettyPhoto[image_gallery_pretty_photo-581]\" title=\"galerie_under_slider_1_jpeg\">\n\t\t\t\t\t\t\t\t\t\t\t<img loading=\"lazy\" decoding=\"async\" src=\"https:\/\/snordic.at\/wp-content\/uploads\/2021\/06\/galerie_under_slider_1_jpeg-512x512.jpg\" alt=\"\" width=\"512\" height=\"512\" \/>\t\t\t\t\t\t\t\t\t\t\t<\/a>\n\t\t\t\t\t\t\t\t\t<\/div>\n\t\t\t<\/div>\n\t\t\t<\/div>\n<\/div>[\/vc_column][\/vc_row][vc_row content_placement=&#8220;middle&#8220;][vc_column css=&#8220;.vc_custom_1626983086869{margin-top: 45px !important;margin-bottom: 45px !important;}&#8220; el_class=&#8220;single-sauna-btn-center&#8220;]<a itemprop=\"url\" href=\"https:\/\/snordic.at\/de\/konfigurator\/\" target=\"_self\"  class=\"edgtf-btn edgtf-btn-medium edgtf-btn-solid edgtf-btn-with-crosshair\"  >\n                        <span class=\"edgtf-btn-lines edgtf-line-1\" style=\"background-color: #999\"><\/span>\n                    <span class=\"edgtf-btn-lines edgtf-line-2\" style=\"background-color: #999\"><\/span>\n                    <span class=\"edgtf-btn-lines edgtf-line-3\" style=\"background-color: #999\"><\/span>\n                    <span class=\"edgtf-btn-lines edgtf-line-4\" style=\"background-color: #999\"><\/span>\n                    <span class=\"edgtf-btn-text\">Sauna konfigurieren<\/span>\n                <\/a>[\/vc_column][\/vc_row][vc_row css=&#8220;.vc_custom_1626983869280{padding-top: 10% !important;padding-right: 10% !important;padding-bottom: 10% !important;padding-left: 10% !important;background-image: url(http:\/\/arm-design.si\/projekti\/marko\/nordic\/wp-content\/uploads\/2021\/07\/Footer-features.jpg?id=4353) !important;background-position: center !important;background-repeat: no-repeat !important;background-size: cover !important;}&#8220; el_class=&#8220;single-sauna-footer&#8220;][vc_column width=&#8220;3\/12&#8243;][vc_column_text css=&#8220;.vc_custom_1629975990207{padding-bottom: 30px !important;}&#8220;]<strong>ZAHLUNGSTYP<\/strong>[\/vc_column_text][vc_row_inner content_placement=&#8220;middle&#8220; css=&#8220;.vc_custom_1626984160663{margin-bottom: 30px !important;}&#8220;][vc_column_inner width=&#8220;1\/2&#8243;][vc_single_image image=&#8220;5438&#8243; img_size=&#8220;full&#8220;][\/vc_column_inner][\/vc_row_inner][vc_row_inner content_placement=&#8220;middle&#8220;][vc_column_inner width=&#8220;1\/2&#8243;][vc_single_image image=&#8220;5440&#8243; img_size=&#8220;full&#8220;][\/vc_column_inner][vc_column_inner width=&#8220;1\/2&#8243;][vc_single_image image=&#8220;5443&#8243; img_size=&#8220;full&#8220;][\/vc_column_inner][\/vc_row_inner][vc_column_text css=&#8220;.vc_custom_1629976001246{padding-top: 30px !important;}&#8220;]Kreditkarte? PayPal? Was auch immer Sie verwenden, wir haben das Richtige f\u00fcr Sie![\/vc_column_text][\/vc_column][vc_column width=&#8220;9\/12&#8243; el_class=&#8220;single-sauna-footer-right&#8220;][vc_row_inner][vc_column_inner width=&#8220;2\/12&#8243;][\/vc_column_inner][vc_column_inner width=&#8220;3\/12&#8243;][vc_empty_space height=&#8220;15px&#8220;][vc_single_image image=&#8220;5444&#8243; img_size=&#8220;full&#8220; alignment=&#8220;center&#8220;][vc_column_text]<\/p>\n<p style=\"text-align: center;\">Sicher<br \/>\nOnline-Zahlung<\/p>\n<p>[\/vc_column_text][vc_separator color=&#8220;white&#8220; border_width=&#8220;3&#8243; el_width=&#8220;30&#8243; css=&#8220;.vc_custom_1626984466701{padding-top: 15px !important;padding-bottom: 15px !important;}&#8220;][vc_column_text]<\/p>\n<p style=\"text-align: center;\">Ein sicheres, einziges Zahlungssystem f\u00fcr ein sorgenfreies Einkaufserlebnis.<\/p>\n<p>[\/vc_column_text][\/vc_column_inner][vc_column_inner width=&#8220;3\/12&#8243;][vc_empty_space height=&#8220;15px&#8220;][vc_single_image image=&#8220;5445&#8243; img_size=&#8220;full&#8220; alignment=&#8220;center&#8220;][vc_column_text]<\/p>\n<p style=\"text-align: center;\">Schnell und<br \/>\nZuverl\u00e4ssige Lieferung<\/p>\n<p>[\/vc_column_text][vc_separator color=&#8220;white&#8220; border_width=&#8220;3&#8243; el_width=&#8220;30&#8243; css=&#8220;.vc_custom_1626984471973{padding-top: 15px !important;padding-bottom: 15px !important;}&#8220;][vc_column_text]<\/p>\n<p style=\"text-align: center;\">Ein schneller und zuverl\u00e4ssiger Lieferservice, damit Sie Ihre Produkte p\u00fcnktlich und unversehrt erhalten.<\/p>\n<p>[\/vc_column_text][\/vc_column_inner][vc_column_inner width=&#8220;3\/12&#8243;][vc_empty_space height=&#8220;15px&#8220;][vc_single_image image=&#8220;5446&#8243; img_size=&#8220;full&#8220; alignment=&#8220;center&#8220;][vc_column_text]<\/p>\n<p style=\"text-align: center;\">Garantie f\u00fcr die Qualit\u00e4t der Materialien<\/p>\n<p>[\/vc_column_text][vc_separator color=&#8220;white&#8220; border_width=&#8220;3&#8243; el_width=&#8220;30&#8243; css=&#8220;.vc_custom_1626984477037{padding-top: 15px !important;padding-bottom: 15px !important;}&#8220;][vc_column_text]<\/p>\n<p style=\"text-align: center;\">Wir verwenden nur die besten verf\u00fcgbaren Materialien, damit unsere Produkte eine lange Lebensdauer haben.<\/p>\n<p>[\/vc_column_text][\/vc_column_inner][vc_column_inner width=&#8220;1\/12&#8243;][\/vc_column_inner][\/vc_row_inner][\/vc_column][\/vc_row]<\/p>\n","protected":false},"excerpt":{"rendered":"<p>[vc_row full_width=&#8220;stretch_row_content_no_spaces&#8220; equal_height=&#8220;yes&#8220; el_class=&#8220;single-sauna-first&#8220;][vc_column width=&#8220;1\/2&#8243; css=&#8220;.vc_custom_1626979529179{padding-top: 10% !important;padding-right: 10% !important;padding-bottom: 10% !important;padding-left: 10% !important;}&#8220;][vc_column_text] IM EINKLANG MIT HAUS, HOF &amp; GARTEN &#8211; DIE AUSSENSAUNA MIT FASSADENDESIGN [\/vc_column_text][vc_empty_space height=&#8220;60px&#8220;][vc_column_text]Saunieren ist Teil einer uralten Kultur und f\u00fcr viele Menschen der Inbegriff von [&hellip;]<\/p>\n","protected":false},"author":1,"featured_media":0,"parent":0,"menu_order":0,"comment_status":"closed","ping_status":"closed","template":"full-width.php","meta":{"inline_featured_image":false,"footnotes":""},"_links":{"self":[{"href":"https:\/\/snordic.at\/de\/wp-json\/wp\/v2\/pages\/5501"}],"collection":[{"href":"https:\/\/snordic.at\/de\/wp-json\/wp\/v2\/pages"}],"about":[{"href":"https:\/\/snordic.at\/de\/wp-json\/wp\/v2\/types\/page"}],"author":[{"embeddable":true,"href":"https:\/\/snordic.at\/de\/wp-json\/wp\/v2\/users\/1"}],"replies":[{"embeddable":true,"href":"https:\/\/snordic.at\/de\/wp-json\/wp\/v2\/comments?post=5501"}],"version-history":[{"count":6,"href":"https:\/\/snordic.at\/de\/wp-json\/wp\/v2\/pages\/5501\/revisions"}],"predecessor-version":[{"id":5777,"href":"https:\/\/snordic.at\/de\/wp-json\/wp\/v2\/pages\/5501\/revisions\/5777"}],"wp:attachment":[{"href":"https:\/\/snordic.at\/de\/wp-json\/wp\/v2\/media?parent=5501"}],"curies":[{"name":"wp","href":"https:\/\/api.w.org\/{rel}","templated":true}]}}