{"id":5658,"date":"2021-10-22T12:17:11","date_gmt":"2021-10-22T10:17:11","guid":{"rendered":"https:\/\/snordic.at\/cookies\/"},"modified":"2021-10-26T19:57:04","modified_gmt":"2021-10-26T17:57:04","slug":"cookies","status":"publish","type":"page","link":"https:\/\/snordic.at\/de\/cookies\/","title":{"rendered":"Cookies"},"content":{"rendered":"\n<p>Mit dem ge\u00e4nderten Gesetz \u00fcber elektronische Kommunikation (Amtsblatt Nr. 109\/2012; im Folgenden ZEKom-1), das Anfang 2013 in Kraft trat, wurden neue Regeln f\u00fcr die Verwendung von Cookies und \u00e4hnlichen Technologien zur Speicherung von oder zum Zugriff auf Informationen auf dem Computer oder Mobilger\u00e4t eines Nutzers eingef\u00fchrt. Cookies sind nicht neu, das Gesetz hat sich nur auf die Art und Weise ausgewirkt, wie Website-Nutzer \u00fcber ihre Verwendung informiert werden und dieser zustimmen. <\/p>\n\n\n\n<p><br><strong>WAS IST EIN COOKIE?<br><\/strong>Unsere Website kann ein so genanntes &#8222;Cookie&#8220; auf dem Browser Ihres Computers ablegen. Cookies sind kleine Textdateien, die uns Informationen dar\u00fcber geben, wie oft eine Person unsere Website besucht und was sie w\u00e4hrend dieser Besuche interessiert. Cookies selbst enthalten keine personenbezogenen Daten, aber wenn Sie uns diese Daten selbst zur Verf\u00fcgung stellen, z. B. durch Registrierung, k\u00f6nnen sie mit den im Cookie gespeicherten Daten verkn\u00fcpft werden.  <br>Sie haben immer die M\u00f6glichkeit, Cookies zu akzeptieren oder abzulehnen. Die meisten Webbrowser akzeptieren Cookies automatisch, und Sie k\u00f6nnen dies in Ihren Einstellungen so \u00e4ndern, dass Ihr Computer Cookies ablehnt oder dass Sie eine Warnung erhalten, bevor ein Cookie gespeichert wird. <br>Klicken Sie auf den Namen Ihres Browsers, um Informationen zu den Cookie-Einstellungen zu erhalten:<br>Firefox<br>Chrome<br>Internet Explorer<br>Opera<br>Safari<\/p>\n\n\n\n<p><br><strong>VERWENDUNG VON COOKIES AUF UNSERER WEBSITE<br><\/strong>Unsere Website verwendet Cookies nur f\u00fcr unsere eigenen Zwecke, um zwischen Besuchern zu unterscheiden und die Anzahl der Besucher zu z\u00e4hlen, damit wir die Leistung der Website verbessern k\u00f6nnen. Zu diesem Zweck verwenden wir das am weitesten verbreitete Tool Google Analytics. Sie k\u00f6nnen mehr \u00fcber Google Analytics-Cookies erfahren, indem Sie auf diesen Link klicken.  <br>Unsere Website verwendet auch Cookies, um Ihnen eine bessere Benutzererfahrung zu bieten, indem sie Ihre Anmeldung oder Registrierung auf der Website, die Informationen, die Sie in Online-Formulare eingeben, die Produkte, die Sie in Ihren Warenkorb legen, die Produkte, die Sie sich zuletzt angesehen haben, und Ihre Zustimmung zur Verwendung von Cookies speichert.<br>Die folgenden Cookies werden auf der Website snordic.at verwendet:<\/p>\n\n\n\n<ol><li>_gat_gtag_UA_12111490_88 (Website-Kennung f\u00fcr die Verfolgung von Besuchen. Dauer 2 Jahre)<\/li><li>_gid (Identifikation des Nutzers, der innerhalb von 24 Stunden nach dem ersten Seitenbesuch zur\u00fcckkehrt. Dauer 24h)<\/li><li>_ga (Statistik der Besuche auf der Website: Z\u00e4hlung der Anzahl der Besuche von jedem Computer. Dauer 2 Jahre)<br>Wir geben die durch Cookies gesammelten Daten nicht an Dritte weiter.<\/li><\/ol>\n","protected":false},"excerpt":{"rendered":"<p>Mit dem ge\u00e4nderten Gesetz \u00fcber elektronische Kommunikation (Amtsblatt Nr. 109\/2012; im Folgenden ZEKom-1), das Anfang 2013 in Kraft trat, wurden neue Regeln f\u00fcr die Verwendung von Cookies und \u00e4hnlichen Technologien zur Speicherung von oder zum Zugriff auf Informationen auf dem [&hellip;]<\/p>\n","protected":false},"author":1,"featured_media":0,"parent":0,"menu_order":0,"comment_status":"closed","ping_status":"closed","template":"","meta":{"inline_featured_image":false,"footnotes":""},"_links":{"self":[{"href":"https:\/\/snordic.at\/de\/wp-json\/wp\/v2\/pages\/5658"}],"collection":[{"href":"https:\/\/snordic.at\/de\/wp-json\/wp\/v2\/pages"}],"about":[{"href":"https:\/\/snordic.at\/de\/wp-json\/wp\/v2\/types\/page"}],"author":[{"embeddable":true,"href":"https:\/\/snordic.at\/de\/wp-json\/wp\/v2\/users\/1"}],"replies":[{"embeddable":true,"href":"https:\/\/snordic.at\/de\/wp-json\/wp\/v2\/comments?post=5658"}],"version-history":[{"count":2,"href":"https:\/\/snordic.at\/de\/wp-json\/wp\/v2\/pages\/5658\/revisions"}],"predecessor-version":[{"id":5751,"href":"https:\/\/snordic.at\/de\/wp-json\/wp\/v2\/pages\/5658\/revisions\/5751"}],"wp:attachment":[{"href":"https:\/\/snordic.at\/de\/wp-json\/wp\/v2\/media?parent=5658"}],"curies":[{"name":"wp","href":"https:\/\/api.w.org\/{rel}","templated":true}]}}