{"id":5660,"date":"2021-10-22T12:23:03","date_gmt":"2021-10-22T10:23:03","guid":{"rendered":"https:\/\/snordic.at\/allgemeine-bedingungen-und-konditionen\/"},"modified":"2021-10-26T19:56:31","modified_gmt":"2021-10-26T17:56:31","slug":"allgemeine-bedingungen-und-konditionen","status":"publish","type":"page","link":"https:\/\/snordic.at\/de\/allgemeine-bedingungen-und-konditionen\/","title":{"rendered":"Allgemeine Bedingungen und Konditionen"},"content":{"rendered":"\n<p><strong>Allgemeine Bedingungen und Konditionen<br><\/strong>Die Allgemeinen Gesch\u00e4ftsbedingungen des Anbieters snordic.at\/ sind in \u00dcbereinstimmung mit dem Verbraucherschutzgesetz (ZVPot, Amtsblatt der Republik Slowenien, Nr. 98\/2004-UPB2, 126\/2007, 86\/2009, 78\/2011), dem Gesetz \u00fcber den elektronischen Handel auf dem Markt (ZEPT, Amtsblatt der Republik Slowenien, Nr. 96\/2009-UPB2), dem Obligationenrecht (OZ, 97\/2007-UPB1) und den internationalen E-Commerce-Kodizes verfasst. Die Datenschutzrichtlinie, die der Verordnung (EU) 2016\/679 des Europ\u00e4ischen Parlaments und des Rates vom 27. April 2016 zum Schutz nat\u00fcrlicher Personen bei der Verarbeitung personenbezogener Daten, zum freien Datenverkehr und zur Aufhebung der Richtlinie 95\/46\/EG (&#8222;DSGVO&#8220;) entspricht, kann online gelesen werden. <br>Der Online-Shop snordic.at (im Folgenden auch &#8222;der Shop&#8220; genannt) wird von der Firma N &amp; N d.o.o., Go\u010dova 10, Go\u010dova, 2235 SV. 5791081000, Steuernummer: 52180913, das auch ein E-Commerce-Dienstleister ist (im Folgenden auch &#8222;Verk\u00e4ufer&#8220; genannt). <br>Die Allgemeinen Gesch\u00e4ftsbedingungen (AGB) regeln den Betrieb des Online-Shops snordic.at, die Rechte und Pflichten des Nutzers und des Shops und regeln die Gesch\u00e4ftsbeziehung zwischen snordic.at und dem K\u00e4ufer. Die Allgemeinen Gesch\u00e4ftsbedingungen regeln auch die Regeln f\u00fcr den Einkauf bei der snordic.at Abholstelle. <br><strong>UNTERNEHMENSSICHERHEIT<br><\/strong>Der Betreiber dieses Online-Shops setzt geeignete technische und softwaretechnische Mittel ein, um die \u00dcbertragung und Speicherung von personenbezogenen Daten und Zahlungen zu sch\u00fctzen. Der Online-Shop ist durch ein SSL-Zertifikat gesch\u00fctzt. Secure Sockets Layer (abgek\u00fcrzt SSL) ist ein kryptografisches Protokoll, das eine sichere Kommunikation im Internet erm\u00f6glicht, z. B. beim Surfen im Web und bei der E-Mail-Kommunikation, bei der Daten vertraulicher Art (z. B. pers\u00f6nliche Daten und Kreditkartennummern) \u00fcbertragen werden m\u00fcssen.  <br><strong>Zug\u00e4nglichkeit von Informationen<br><\/strong>snordic.at verpflichtet sich, dem Kunden die folgenden Informationen zur Verf\u00fcgung zu stellen, bevor der Kunde an den Vertrag oder das Angebot gebunden ist:<br>Angaben zum Unternehmen N &amp; N Ltd. (Name und eingetragener Sitz des Unternehmens, Registrierungsnummer),<br>Kontaktdaten, um dem Nutzer eine schnelle und effiziente Kommunikation zu erm\u00f6glichen (E-Mail, Telefon),<br>die wesentlichen Merkmale der Gegenst\u00e4nde und die G\u00fcltigkeitsdauer dieser Informationen,<br>die Verf\u00fcgbarkeit der Artikel (jeder auf der Website angebotene Artikel sollte innerhalb eines angemessenen Zeitraums verf\u00fcgbar sein),<br>die Bedingungen f\u00fcr die Lieferung der Waren (sowie die Art, den Ort und die Zeit der Lieferung),<br>die Preise, die klar und eindeutig angegeben werden m\u00fcssen und aus denen hervorgeht, ob sie bereits Steuern, Transport- und sonstige Kosten enthalten, sowie die G\u00fcltigkeitsdauer dieser Angaben,<br>die Art der Zahlung und Lieferung oder Leistung sowie die G\u00fcltigkeitsdauer dieser Informationen,<br>die G\u00fcltigkeitsdauer des Angebots,<br>die Frist, innerhalb derer der Vertrag widerrufen werden kann, und die Bedingungen f\u00fcr den R\u00fccktritt (Beschreibung des R\u00fccktrittsrechts gem\u00e4\u00df \u00a7 43c KSchG; in den F\u00e4llen, in denen der Verbraucher kein R\u00fccktrittsrecht gem\u00e4\u00df \u00a7 43c KSchG hat, ist der Verbraucher ausdr\u00fccklich dar\u00fcber zu informieren),<br>eine Erl\u00e4uterung des Beschwerdeverfahrens, einschlie\u00dflich vollst\u00e4ndiger Angaben zur Kontaktperson oder zum Kundendienst.<br><strong>Bestellung<\/strong><br>Der Kaufvertrag zwischen N &amp; N d.o.o. und dem K\u00e4ufer kommt im Onlineshop von snordic.at in dem Moment zustande, in dem snordic.at dem K\u00e4ufer die erste E-Mail \u00fcber den Status seiner Bestellung sendet (mit der Betreffzeile: Best\u00e4tigung des Eingangs der Bestellung). Von diesem Zeitpunkt an sind alle Preise und sonstigen Konditionen fixiert und gelten sowohl f\u00fcr snordic.at als auch f\u00fcr den K\u00e4ufer. Der K\u00e4ufer ist die Person mit den zum Zeitpunkt der Bestellung angegebenen Daten. Eine nachtr\u00e4gliche \u00c4nderung der Angaben des K\u00e4ufers ist nicht m\u00f6glich.   <br>Der Kaufvertrag (d.h. die erste E-Mail-Benachrichtigung \u00fcber den Status der Bestellung) wird elektronisch auf dem Server von snordic.at gespeichert.<br><strong>Rechnungsstellung<\/strong><br>Snordic.at sendet die Rechnung f\u00fcr den Kauf in gedruckter Form als Anlage im Paket der bestellten Produkte. Die Rechnung enth\u00e4lt eine Aufschl\u00fcsselung des Preises und aller mit dem Kauf verbundenen Kosten sowie einen Hinweis auf das R\u00fccktrittsrecht. <br>Der K\u00e4ufer ist verpflichtet, sich vor der Bestellung von der Richtigkeit der Angaben zu \u00fcberzeugen. Sp\u00e4tere Einw\u00e4nde gegen die Richtigkeit der Rechnungen werden von uns nicht ber\u00fccksichtigt. <br><strong>F\u00f6rderungscode<br><\/strong>Der Aktionscode bietet verschiedene Vorteile beim Kauf und ist zeitlich begrenzt. Einen aktiven Aktionscode finden Sie in Werbebotschaften oder anderen Medien. <br>Falls ein Kunde einen Aktionscode einl\u00f6st, aber sp\u00e4ter die Bestellung mit dem eingel\u00f6sten Code aus freien St\u00fccken storniert, hat er keinen Anspruch mehr auf den neuen Vorteil des Aktionscodes.<br><strong>Verwendung des Aktionscodes:<br><\/strong>W\u00e4hlen Sie die Artikel aus, die Sie kaufen m\u00f6chten, und legen Sie sie in Ihren Warenkorb. Wenn Sie die Artikel in den Warenkorb gelegt haben, klicken Sie auf die Schaltfl\u00e4che &#8222;Zur Kasse&#8220;. W\u00e4hlen Sie Ihre Liefermethode, geben Sie Ihre Lieferadresse an und w\u00e4hlen Sie Ihre Zahlungsmethode.  <br>Geben Sie im selben Schritt den Aktionscode in das Feld Aktionscode ein und best\u00e4tigen Sie Ihre Eingabe mit einem Klick auf die Schaltfl\u00e4che Anwenden.<br>Bei jedem Kauf kann nur ein Aktionscode verwendet werden (z.B.: bei der Bestellung von 2 Artikeln kann maximal 1 Aktionscode gleichzeitig verwendet werden).<br>Der Wert Ihrer Bestellung muss mindestens 1 \u20ac h\u00f6her sein als der Wert des Rabattcodes.<br>Wenn Sie den Aktionscode eingeben, wird der Wert des Aktionscodes im letzten Schritt &#8211; Bestell\u00fcbersicht &#8211; automatisch vom Preis Ihrer Bestellung abgezogen. So bleibt der Betrag \u00fcbrig, der noch bezahlt werden muss. <\/p>\n\n\n\n<p>It is not possible to combine different forms of benefits (discount code, promotional code and bonus) within the same order.<br><strong>Rules for prize draws<br>Definitions<br><\/strong>The prize draw organiser is the retailer N &amp; N d.o.o. A prize draw participant is a natural person who takes part in the prize draw promotions.<br>The prize winners are determined randomly by the computer selection function or by the Organiser&#8217;s committee.<br>Eligibility to enter the prize draw (and other prize draws or vouchers)<br>Participants in the prize draw are natural persons who are citizens of the Republic of Slovenia. Persons employed by the prize draw organiser and their immediate family members and persons employed by other legal entities connected with the prize draw are not eligible to participate in the prize draw. Legal persons cannot be a participant in the prize draw. Persons who do not accept the rules of the prize draw are not eligible to enter the prize draw. By entering the prize draw, the entrant is deemed to have accepted the rules of the prize draw.<br>Rules for participation in the prize draw<br>Participation in the prize draw does not require the purchase of services or products from the prize draw organiser.<br><strong>Electronic prize draw<br><\/strong>The prize draw is open to all prize draw entrants. One participant may enter the prize draw only once. The result of the prize draw is final. No appeal is possible. The winner will be notified by e-mail of the receipt and method of collection of the prize.    <br><strong>Obligations of the prize draw winner<br><\/strong>The prize cannot be redeemed in cash or exchanged for any other item.<br>The winner is obliged to provide the prize draw organiser with his\/her personal details &#8211; name, surname, address, e-mail address, telephone and tax number &#8211; in writing (e-mail), all within two days of being notified that he\/she has won the prize.<br>Payment of all taxes on prizes (including VAT) is the responsibility of the Organiser. The Organiser will send prize winners a receipt in accordance with the Income Tax Act and the Income Tax Information Delivery Regulations. The prize winner is obliged to declare the value of the prize in his\/her income tax return. The prize winner is obliged to fill in a declaration of acceptance of the prize when collecting the prize. The Promoter is not responsible for any taxes that may arise in connection with any other prizes. If the Prize Winner fails to comply with all obligations, the Prize Winner shall be deemed not to accept the Prize and the Organiser shall be released from any and all obligations to the Prize Winner under this Prize Draw and shall be entitled to dispose of the Prize for any other purpose whatsoever. Prizes are non-transferable.<br>If, within three (3) working days of the date on which the prize winner is notified that he\/she has been drawn, the prize draw is not valid for any reason (e.g. the winner declares that he\/she does not wish to accept the prize, the address or email address is incomplete or incorrect, etc.), the prize may be forfeited by the prize draw organiser. ) does not receive all the necessary information and a declaration that he\/she wishes to receive the prize, the winner shall be deemed not to accept the prize and the Organiser shall be released from any and all obligations under this prize draw towards the winner and shall be entitled to dispose of the prize for any other purpose.<br><strong>Protection of personal data<br><\/strong>The prize draw organiser shall protect all personal data obtained from entrants in connection with the prize draw in accordance with the regulations governing the protection of personal data. The Organiser may only use the personal data obtained from participants for the purposes for which it was obtained. The participant agrees that the Organiser may send him\/her notifications regarding the Organiser&#8217;s offer. The participant or his\/her guardian or legal representative may withdraw his\/her consent to the use of the personal data obtained in the prize draw for direct marketing purposes at any time. The prize draw organiser reserves the right to organise the prize draw as a public event. By participating in the prize draw, the participant gives his\/her name and address permission to be used in the prize draw organiser&#8217;s audio, photo and video material. The participant authorises the prize draw organiser to publish his\/her personal data in the mass media and on the Internet in order to inform him\/her about the results of the draw or to claim the prize.<br>Publication of the rules of the prize draw<br>By submitting their details via the entry form on this page, entrants agree that they are aware of the rules and undertake to comply with the rules of the prize draw. In the event of any dispute or ambiguity, these rules shall prevail over any other publication, whether in print, electronic or any other form.<br><strong>Protection of personal data<br><\/strong>N &amp; N Ltd. is committed to the permanent protection of all personal data of the User in accordance with Regulation (EU) 2016\/679 of the European Parliament and of the Council of 27 April 2016 and the GDPR-1.<\/p>\n\n\n\n<p>All detailed information on the processing of personal data can be found in the Privacy settings tab.The User must be aware that he\/she is obliged to provide the Online Trader with his\/her personal data in a correct and truthful form and to inform the Online Trader of any changes to his\/her data. By accepting these Terms and Conditions, the User confirms that the personal data provided by him\/her is correct.<br><strong>Complaints and disputes<br><\/strong>N &amp; N Ltd. complies with the applicable consumer protection legislation. N &amp; N Ltd. makes every effort to comply with its duty to provide an effective complaints handling system.<br>In the event of a problem, the Buyer may contact the Seller N &amp; N Ltd. by telephone at tel:041 334846 or by e-mail at info@nnlenart.si. Complaints should be made via the e-mail address info@nnlenart.si. The complaint procedure is confidential.<br>N&amp;N Ltd. is aware that a fundamental characteristic of consumer disputes is the disproportion between the economic value of the claim and the time and costs involved in resolving the dispute, which is also the main obstacle to consumers not bringing a dispute before the courts. Therefore, N&amp;N Ltd. makes every effort to resolve any disputes amicably.<br><strong>Exclusion of liability<br><\/strong>The provider accepts no liability for any consequences arising from the use of the online shop and its contents, including any material or immaterial damage. It is the User&#8217;s sole responsibility to use the content in the online shop in a reasonable manner for the User&#8217;s own highest good.<br>Although the online shop is protected by the SSL protocol, there is a possibility of misuse of the online shop, which is beyond the control of the provider. For this reason, the provider excludes liability in the event of the transmission of malicious software that may be installed on the device from which the user accesses the online shop. The Provider advises users to educate themselves on this subject and to protect their devices against the risk of malware being downloaded.<br>Although the Provider endeavours to ensure that the information in the online shop is accurate and up-to-date with the utmost care, there is a possibility that, due to the multiplicity of products or rapid changes in information, the information on items, delivery times, price or any other information may be different from what is stated in the online shop or may be incomplete due to the multiplicity of products or rapid changes in information. It is the user&#8217;s responsibility to verify the information if there is any suspicion of incorrect or incomplete information. We reserve the right to change product information including pictures and any other related information without prior notice.<br>The Provider shall not be liable for the intermittent non-operation of the online shop, any inaccuracy of the information in the online shop or for any damage caused by the inaccessibility, use or inability to use the information in the online shop.<br>In the event that the User has ordered an item that has incorrect or incomplete information, the Provider will notify the User and allow the User to withdraw from the order. If, after placing the order and before receiving the item at home, the user himself discovers that the item has incorrect information, he is obliged to report the error in the online shop and the provider will give him the opportunity to cancel or replace the order.<br>The provider is actively engaged in updating the photos in the online shop, therefore all pictures should be taken as symbolic. Some of the characteristics of the item in the picture do not reflect the actual condition of the items (e.g. the size of the item in the picture).<br>The Provider is not responsible for the content of comments made by users in the online shop. The Provider may reject comments that contain blatant untruths, misleading facts or content that is offensive both to other users and to the Provider itself.<br>The Provider reserves the right to make substantive and other changes to the General Terms and Conditions and to amend them at any time and in any manner, for any reason and without prior notice.<br>The Provider reserves the right to change the sales offer in the online shop without prior notice. The Provider shall use its best endeavours to ensure that the information published on the Website is up-to-date and correct. However, in individual cases, the supplier may not be able to deliver the product to you because it is sold out and out of stock. However, the characteristics of the items, the delivery date or the price may change so quickly that the supplier is unable to correct the information on the website. In such a case, the supplier will inform the buyer of the changes and give the buyer the opportunity to withdraw from the order or to exchange the ordered item.<br>The provider reserves the right to change the terms and conditions at any time and in any way, regardless of the reason and without prior notice.<br>Out-of-court settlement of consumer disputes<br>In accordance with legal norms, N &amp; N d.o.o does not recognise any provider of out-of-court consumer dispute resolution as competent to resolve a consumer dispute that a consumer may bring under the Act on Out-of-Court Consumer Dispute Resolution.<\/p>\n\n\n\n<p>N &amp; N d.o.o., which as a provider of goods and services facilitates online commerce in the territory of the Republic of Slovenia, publishes on its website an electronic link to the Online Consumer Dispute Resolution Platform (ODRP). The platform is available to consumers here.<br>https:\/\/webgate.ec.europa.eu\/odr\/main\/index.cfm?event=main.home.show&amp;lng=SL<br>The above-mentioned regulation is based on the Act on Out-of-Court Settlement of Consumer Disputes, Regulation (EU) No 524\/2013 of the European Parliament and of the Council on online dispute resolution for consumer disputes and amending Regulation (EC) No 2016\/2004 and Directive 2009\/22\/EC.<br>Further clarifications regarding the purchase<\/p>\n\n\n\n<p><br>The Buyer is obliged to take delivery of the ordered package and pay the redemption fee under the Code of Obligations. If the Buyer does not take delivery of the goods ordered, which are sent COD, in any event, and the goods are returned to the Company&#8217;s address after a waiting period of fifteen (15) days at the post office, this shall NOT be deemed to be a withdrawal from the contract, as the latter is still validly concluded and it is a unilateral, unannounced withdrawal of the Buyer from the contract. If the Buyer does not accept the package, this action causes financial damage to the Company. In the event of non-acceptance, the Buyer is therefore liable for the costs of shipping and return of the products to the Company, for which the Seller will invoice the Buyer, which the Buyer is obliged to pay, as the Buyer has not terminated the contract. In the event of non-payment of the invoice, the matter shall be settled by means of a claim. Receivables shall be settled by an external company. In the case of fraudulent orders, the IP address will be handed over for further processing as abuse. The cost of non-collection is EUR 10,00 and includes administration, packaging, shipping and return shipping costs.<br>The Buyer is bound by the General Terms and Conditions in force at the time of purchase (placing the online order). The user is specifically reminded of the General Terms and Conditions each time he places an order and confirms his awareness of them by placing the order.<\/p>\n\n\n\n<p><\/p>\n","protected":false},"excerpt":{"rendered":"<p>Allgemeine Bedingungen und KonditionenDie Allgemeinen Gesch\u00e4ftsbedingungen des Anbieters snordic.at\/ sind in \u00dcbereinstimmung mit dem Verbraucherschutzgesetz (ZVPot, Amtsblatt der Republik Slowenien, Nr. 98\/2004-UPB2, 126\/2007, 86\/2009, 78\/2011), dem Gesetz \u00fcber den elektronischen Handel auf dem Markt (ZEPT, Amtsblatt der Republik Slowenien, Nr. [&hellip;]<\/p>\n","protected":false},"author":1,"featured_media":0,"parent":0,"menu_order":0,"comment_status":"closed","ping_status":"closed","template":"","meta":{"inline_featured_image":false,"footnotes":""},"_links":{"self":[{"href":"https:\/\/snordic.at\/de\/wp-json\/wp\/v2\/pages\/5660"}],"collection":[{"href":"https:\/\/snordic.at\/de\/wp-json\/wp\/v2\/pages"}],"about":[{"href":"https:\/\/snordic.at\/de\/wp-json\/wp\/v2\/types\/page"}],"author":[{"embeddable":true,"href":"https:\/\/snordic.at\/de\/wp-json\/wp\/v2\/users\/1"}],"replies":[{"embeddable":true,"href":"https:\/\/snordic.at\/de\/wp-json\/wp\/v2\/comments?post=5660"}],"version-history":[{"count":2,"href":"https:\/\/snordic.at\/de\/wp-json\/wp\/v2\/pages\/5660\/revisions"}],"predecessor-version":[{"id":5749,"href":"https:\/\/snordic.at\/de\/wp-json\/wp\/v2\/pages\/5660\/revisions\/5749"}],"wp:attachment":[{"href":"https:\/\/snordic.at\/de\/wp-json\/wp\/v2\/media?parent=5660"}],"curies":[{"name":"wp","href":"https:\/\/api.w.org\/{rel}","templated":true}]}}