{"id":5793,"date":"2021-07-21T23:16:19","date_gmt":"2021-10-28T13:57:24","guid":{"rendered":"https:\/\/snordic.at\/product\/ergonomische-kopfstuetze-zedernholz\/"},"modified":"2021-10-28T15:57:24","modified_gmt":"2021-10-28T13:57:24","slug":"ergonomische-kopfstutze-zeder","status":"publish","type":"product","link":"https:\/\/snordic.at\/de\/product\/ergonomische-kopfstutze-zeder\/","title":{"rendered":"Ergonomische Kopfst\u00fctze, Zedernholz"},"content":{"rendered":"<p>Die Kopfst\u00fctze steht auf Sockeln mit 4 Holzschalen, die separat gedreht werden k\u00f6nnen und sich so dem Kopf anpassen.<\/p>\n","protected":false},"excerpt":{"rendered":"<p>Die Kopfst\u00fctze steht auf Sockeln mit 4 Holzschalen, die separat gedreht werden k\u00f6nnen und sich so dem Kopf anpassen.<\/p>\n","protected":false},"featured_media":5426,"comment_status":"open","ping_status":"closed","template":"","meta":{"inline_featured_image":false},"product_cat":[257],"product_tag":[],"_links":{"self":[{"href":"https:\/\/snordic.at\/de\/wp-json\/wp\/v2\/product\/5793"}],"collection":[{"href":"https:\/\/snordic.at\/de\/wp-json\/wp\/v2\/product"}],"about":[{"href":"https:\/\/snordic.at\/de\/wp-json\/wp\/v2\/types\/product"}],"replies":[{"embeddable":true,"href":"https:\/\/snordic.at\/de\/wp-json\/wp\/v2\/comments?post=5793"}],"wp:featuredmedia":[{"embeddable":true,"href":"https:\/\/snordic.at\/de\/wp-json\/wp\/v2\/media\/5426"}],"wp:attachment":[{"href":"https:\/\/snordic.at\/de\/wp-json\/wp\/v2\/media?parent=5793"}],"wp:term":[{"taxonomy":"product_cat","embeddable":true,"href":"https:\/\/snordic.at\/de\/wp-json\/wp\/v2\/product_cat?post=5793"},{"taxonomy":"product_tag","embeddable":true,"href":"https:\/\/snordic.at\/de\/wp-json\/wp\/v2\/product_tag?post=5793"}],"curies":[{"name":"wp","href":"https:\/\/api.w.org\/{rel}","templated":true}]}}